{"id":14374,"date":"2019-02-27T02:32:09","date_gmt":"2019-02-27T00:32:09","guid":{"rendered":"https:\/\/myweby.gr\/shop\/senza-categoria\/pubblicita-su-google\/"},"modified":"2026-03-12T00:34:40","modified_gmt":"2026-03-11T22:34:40","slug":"pubblicita-su-google","status":"publish","type":"product","link":"https:\/\/myweby.gr\/it\/shop\/servizi-marketing\/pubblicita-su-google\/","title":{"rendered":"Pubblicit\u00e0 su Google"},"content":{"rendered":"<h2>Pubblicit\u00e0 di Google AdWords<\/h2>\n<p>Fare pubblicit\u00e0 con Google AdWords \u00e8 una delle opzioni pi\u00f9 dirette ed efficaci che potresti scegliere. Ti verr\u00e0 addebitato un costo solo se qualcuno clicca sul tuo annuncio, senza sprecare denaro inutilmente. Hai la possibilit\u00e0 di visualizzare i tuoi addebiti in dettaglio.  <\/p>\n<h2>Visualizzazione e pubblicit\u00e0 su Google<\/h2>\n<p>Il pi\u00f9 grande motore di ricerca ti consente di pubblicizzare la tua attivit\u00e0 a un pubblico mirato e sicuramente a costi pi\u00f9 contenuti rispetto ai mezzi pubblicitari tradizionali. Ti consente inoltre di impostare l&#8217;importo da investire, garantendoti un monitoraggio continuo dei risultati della campagna. L&#8217;uso corretto di tali metodi pu\u00f2 portare a un miglioramento significativo del traffico mirato al tuo sito web.  <\/p>\n<p>Noi di Weby sappiamo bene come fornirti soluzioni pubblicitarie di alta qualit\u00e0 che soddisferanno le esigenze di sviluppo della tua attivit\u00e0. Sappiamo come farti apparire tra i primi risultati di Google con un targeting mirato per parole chiave. Possiamo anche gestire qualsiasi tipo di pubblicit\u00e0 online e creare campagne di marketing appropriate tramite AdWords e altri potenti strumenti di marketing digitale a nostra disposizione.  <\/p>\n<h2>Come funzionano gli annunci di Google<\/h2>\n<p><strong>Creazione e gestione adeguate della campagna: potrebbe essere facile impostare una campagna da soli, ma quanto ne ricaveremo alla fine?<\/strong><\/p>\n<p>Impostare una campagna con noi non include una semplice selezione di parole chiave specifiche, ma uno studio completo per trovare le parole pi\u00f9 adatte in termini di performance: prezzo, corretta allocazione del denaro, pubblicit\u00e0 in cui i clic si trasformeranno in clienti. Esistono molte altre opzioni per i tuoi annunci che richiedono conoscenza, esperienza e tempo per essere impostate correttamente ed efficientemente. <\/p>\n<h2>Pubblicizza su Google<\/h2>\n<p>Mostra la tua attivit\u00e0 ai clienti nel momento esatto in cui cercano su Google ci\u00f2 che offri. E paga i costi pubblicitari solo per coloro che &#8220;cliccano&#8221; sul tuo annuncio o chiamano i tuoi recapiti. <\/p>\n<ul>\n<li>\n<h3>Attirare nuovi clienti<\/h3>\n<\/li>\n<\/ul>\n<p>Che tu voglia attrarre nuovi clienti, aumentare le vendite online o far s\u00ec che i tuoi clienti tornino, Google AdWords pu\u00f2 aiutarti.<\/p>\n<ul>\n<li>\n<h3>Raggiungi le persone giuste al momento giusto<\/h3>\n<\/li>\n<\/ul>\n<p>La tua attivit\u00e0 e i tuoi prodotti vengono mostrati agli utenti nel momento esatto in cui cercano ci\u00f2 che offri.<\/p>\n<ul>\n<li>\n<h3>Pubblicizza a livello locale o globale<\/h3>\n<\/li>\n<\/ul>\n<p>Pubblicit\u00e0 mirata in base al Paese, alla citt\u00e0 o alla distanza dalla tua attivit\u00e0 o dal tuo negozio.<\/p>\n<h2>Inizia subito a fare pubblicit\u00e0 su Google<\/h2>\n<p>Aumenta subito le tue vendite in collaborazione con il pi\u00f9 grande motore di ricerca al mondo.<\/p>\n<p>Ti forniamo<\/p>\n<ul>\n<li>Ricerca e analisi fino a 100 parole chiave.<\/li>\n<li>Analisi della concorrenza per parole chiave specifiche.<\/li>\n<li>Raccolta di statistiche sulla ricerca di parole chiave.<\/li>\n<li>Presentazione del CPC \u201ccosto per clic\u201d e individuazione della \u201cstrategia di offerta\u201d ottimale.<\/li>\n<li>Creazione della tua prima campagna pubblicitaria.<\/li>\n<li>Miglioramenti che migliorano ulteriormente la configurazione della campagna dopo il suo avvio.<\/li>\n<li>Gestione per un mese o per tutti i mesi in cui rinnovi il servizio.<\/li>\n<\/ul>\n<p>Il costo totale della tua campagna pubblicitaria \u00e8 separato dal costo della sua gestione. Ti copriamo per ogni campagna pubblicitaria che gestisci e ti consigliamo di iniziare con 10\u20ac al giorno per i primi 2 mesi, per poi adeguare in base ai risultati. <\/p>\n<p>Quindi per una campagna pubblicitaria di 2 mesi con un costo pubblicitario di 10 euro al giorno, il costo totale \u00e8: 800\u20ac.<br \/>\n 10 \u20ac al giorno x 60 giorni = 600 \u20ac e 100 \u20ac di gestione al mese x 2 mesi = 200 \u20ac<\/p>\n<h2>Crea un annuncio Google<\/h2>\n","protected":false},"excerpt":{"rendered":"<h2>Pubblicit\u00e0 Google efficace<\/h2>\n<h3>Fai crescere la tua attivit\u00e0 con Google Ads<\/h3>\n<p>Affida a noi la creazione e la gestione dei tuoi annunci per ottenere risultati ottimali.<\/p>\n<p>Fatti notare dai clienti quando cercano attivit\u00e0 come la tua su Ricerca Google e Maps, oppure da coloro che cercano i tuoi prodotti.<\/p>\n<p>Paga solo per i risultati, come clic sul tuo sito web, chiamate alla tua attivit\u00e0 o vendite dal tuo negozio online.<\/p>\n","protected":false},"featured_media":14045,"template":"","meta":{"content-type":""},"product_brand":[],"product_cat":[922],"product_tag":[1024,1027,1025,1026,1028,1023],"class_list":{"0":"post-14374","1":"product","2":"type-product","3":"status-publish","4":"has-post-thumbnail","6":"product_cat-servizi-marketing","7":"product_tag-annunci-google","8":"product_tag-pubblicita-adwords","9":"product_tag-pubblicita-di-google","10":"product_tag-pubblicita-di-google-ads","11":"product_tag-pubblicita-di-google-adwords","12":"product_tag-pubblicita-online","14":"first","15":"instock","16":"virtual","17":"sold-individually","18":"purchasable","19":"product-type-simple"},"yoast_head":"<!-- This site is optimized with the Yoast SEO plugin v27.3 - https:\/\/yoast.com\/product\/yoast-seo-wordpress\/ -->\n<title>Pubblicit\u00e0 su Google - Weby Internet Marketing<\/title>\n<meta name=\"description\" content=\"Fai pubblicit\u00e0 in modo efficace su Google con Google Ads! Richiedi un preventivo per la pubblicit\u00e0 su Google!\" \/>\n<meta name=\"robots\" content=\"index, follow, max-snippet:-1, max-image-preview:large, max-video-preview:-1\" \/>\n<link rel=\"canonical\" href=\"https:\/\/myweby.gr\/it\/shop\/servizi-marketing\/pubblicita-su-google\/\" \/>\n<meta property=\"og:locale\" content=\"it_IT\" \/>\n<meta property=\"og:type\" content=\"article\" \/>\n<meta property=\"og:title\" content=\"Pubblicit\u00e0 su Google - Weby Internet Marketing\" \/>\n<meta property=\"og:description\" content=\"Fai pubblicit\u00e0 in modo efficace su Google con Google Ads! Richiedi un preventivo per la pubblicit\u00e0 su Google!\" \/>\n<meta property=\"og:url\" content=\"https:\/\/myweby.gr\/it\/shop\/servizi-marketing\/pubblicita-su-google\/\" \/>\n<meta property=\"og:site_name\" content=\"Weby\" \/>\n<meta property=\"article:publisher\" content=\"https:\/\/www.facebook.com\/myweby.gr\/\" \/>\n<meta property=\"article:modified_time\" content=\"2026-03-11T22:34:40+00:00\" \/>\n<meta property=\"og:image\" content=\"https:\/\/myweby.gr\/site\/wp-content\/uploads\/2019\/02\/\u0394\u03b9\u03b1\u03c6\u03ae\u03bc\u03b9\u03c3\u03b7-Google.png\" \/>\n\t<meta property=\"og:image:width\" content=\"1000\" \/>\n\t<meta property=\"og:image:height\" content=\"1000\" \/>\n\t<meta property=\"og:image:type\" content=\"image\/png\" \/>\n<meta name=\"twitter:card\" content=\"summary_large_image\" \/>\n<meta name=\"twitter:label1\" content=\"Tempo di lettura stimato\" \/>\n\t<meta name=\"twitter:data1\" content=\"3 minuti\" \/>\n<script type=\"application\/ld+json\" class=\"yoast-schema-graph\">{\"@context\":\"https:\\\/\\\/schema.org\",\"@graph\":[{\"@type\":\"WebPage\",\"@id\":\"https:\\\/\\\/myweby.gr\\\/it\\\/shop\\\/servizi-marketing\\\/pubblicita-su-google\\\/\",\"url\":\"https:\\\/\\\/myweby.gr\\\/it\\\/shop\\\/servizi-marketing\\\/pubblicita-su-google\\\/\",\"name\":\"Pubblicit\u00e0 su Google - Weby Internet Marketing\",\"isPartOf\":{\"@id\":\"https:\\\/\\\/myweby.gr\\\/#website\"},\"primaryImageOfPage\":{\"@id\":\"https:\\\/\\\/myweby.gr\\\/it\\\/shop\\\/servizi-marketing\\\/pubblicita-su-google\\\/#primaryimage\"},\"image\":{\"@id\":\"https:\\\/\\\/myweby.gr\\\/it\\\/shop\\\/servizi-marketing\\\/pubblicita-su-google\\\/#primaryimage\"},\"thumbnailUrl\":\"https:\\\/\\\/myweby.gr\\\/site\\\/wp-content\\\/uploads\\\/2019\\\/02\\\/\u0394\u03b9\u03b1\u03c6\u03ae\u03bc\u03b9\u03c3\u03b7-Google.png\",\"datePublished\":\"2019-02-27T00:32:09+00:00\",\"dateModified\":\"2026-03-11T22:34:40+00:00\",\"description\":\"Fai pubblicit\u00e0 in modo efficace su Google con Google Ads! Richiedi un preventivo per la pubblicit\u00e0 su Google!\",\"breadcrumb\":{\"@id\":\"https:\\\/\\\/myweby.gr\\\/it\\\/shop\\\/servizi-marketing\\\/pubblicita-su-google\\\/#breadcrumb\"},\"inLanguage\":\"it-IT\",\"potentialAction\":[{\"@type\":\"ReadAction\",\"target\":[\"https:\\\/\\\/myweby.gr\\\/it\\\/shop\\\/servizi-marketing\\\/pubblicita-su-google\\\/\"]}]},{\"@type\":\"ImageObject\",\"inLanguage\":\"it-IT\",\"@id\":\"https:\\\/\\\/myweby.gr\\\/it\\\/shop\\\/servizi-marketing\\\/pubblicita-su-google\\\/#primaryimage\",\"url\":\"https:\\\/\\\/myweby.gr\\\/site\\\/wp-content\\\/uploads\\\/2019\\\/02\\\/\u0394\u03b9\u03b1\u03c6\u03ae\u03bc\u03b9\u03c3\u03b7-Google.png\",\"contentUrl\":\"https:\\\/\\\/myweby.gr\\\/site\\\/wp-content\\\/uploads\\\/2019\\\/02\\\/\u0394\u03b9\u03b1\u03c6\u03ae\u03bc\u03b9\u03c3\u03b7-Google.png\",\"width\":1000,\"height\":1000},{\"@type\":\"BreadcrumbList\",\"@id\":\"https:\\\/\\\/myweby.gr\\\/it\\\/shop\\\/servizi-marketing\\\/pubblicita-su-google\\\/#breadcrumb\",\"itemListElement\":[{\"@type\":\"ListItem\",\"position\":1,\"name\":\"Home\",\"item\":\"https:\\\/\\\/myweby.gr\\\/it\\\/casa\\\/\"},{\"@type\":\"ListItem\",\"position\":2,\"name\":\"Negozio\",\"item\":\"https:\\\/\\\/myweby.gr\\\/it\\\/shop-it\\\/\"},{\"@type\":\"ListItem\",\"position\":3,\"name\":\"Pubblicit\u00e0 su Google\"}]},{\"@type\":\"WebSite\",\"@id\":\"https:\\\/\\\/myweby.gr\\\/#website\",\"url\":\"https:\\\/\\\/myweby.gr\\\/\",\"name\":\"Weby\",\"description\":\"\u039a\u03b1\u03c4\u03b1\u03c3\u03ba\u03b5\u03c5\u03ae &amp; \u03a0\u03c1\u03bf\u03ce\u03b8\u03b7\u03c3\u03b7 \u0399\u03c3\u03c4\u03bf\u03c3\u03b5\u03bb\u03af\u03b4\u03c9\u03bd \u039d\u03ad\u03b1 \u03a3\u03bc\u03cd\u03c1\u03bd\u03b7\",\"potentialAction\":[{\"@type\":\"SearchAction\",\"target\":{\"@type\":\"EntryPoint\",\"urlTemplate\":\"https:\\\/\\\/myweby.gr\\\/?s={search_term_string}\"},\"query-input\":{\"@type\":\"PropertyValueSpecification\",\"valueRequired\":true,\"valueName\":\"search_term_string\"}}],\"inLanguage\":\"it-IT\"}]}<\/script>\n<!-- \/ Yoast SEO plugin. -->","yoast_head_json":{"title":"Pubblicit\u00e0 su Google - Weby Internet Marketing","description":"Fai pubblicit\u00e0 in modo efficace su Google con Google Ads! Richiedi un preventivo per la pubblicit\u00e0 su Google!","robots":{"index":"index","follow":"follow","max-snippet":"max-snippet:-1","max-image-preview":"max-image-preview:large","max-video-preview":"max-video-preview:-1"},"canonical":"https:\/\/myweby.gr\/it\/shop\/servizi-marketing\/pubblicita-su-google\/","og_locale":"it_IT","og_type":"article","og_title":"Pubblicit\u00e0 su Google - Weby Internet Marketing","og_description":"Fai pubblicit\u00e0 in modo efficace su Google con Google Ads! Richiedi un preventivo per la pubblicit\u00e0 su Google!","og_url":"https:\/\/myweby.gr\/it\/shop\/servizi-marketing\/pubblicita-su-google\/","og_site_name":"Weby","article_publisher":"https:\/\/www.facebook.com\/myweby.gr\/","article_modified_time":"2026-03-11T22:34:40+00:00","og_image":[{"width":1000,"height":1000,"url":"https:\/\/myweby.gr\/site\/wp-content\/uploads\/2019\/02\/\u0394\u03b9\u03b1\u03c6\u03ae\u03bc\u03b9\u03c3\u03b7-Google.png","type":"image\/png"}],"twitter_card":"summary_large_image","twitter_misc":{"Tempo di lettura stimato":"3 minuti"},"schema":{"@context":"https:\/\/schema.org","@graph":[{"@type":"WebPage","@id":"https:\/\/myweby.gr\/it\/shop\/servizi-marketing\/pubblicita-su-google\/","url":"https:\/\/myweby.gr\/it\/shop\/servizi-marketing\/pubblicita-su-google\/","name":"Pubblicit\u00e0 su Google - Weby Internet Marketing","isPartOf":{"@id":"https:\/\/myweby.gr\/#website"},"primaryImageOfPage":{"@id":"https:\/\/myweby.gr\/it\/shop\/servizi-marketing\/pubblicita-su-google\/#primaryimage"},"image":{"@id":"https:\/\/myweby.gr\/it\/shop\/servizi-marketing\/pubblicita-su-google\/#primaryimage"},"thumbnailUrl":"https:\/\/myweby.gr\/site\/wp-content\/uploads\/2019\/02\/\u0394\u03b9\u03b1\u03c6\u03ae\u03bc\u03b9\u03c3\u03b7-Google.png","datePublished":"2019-02-27T00:32:09+00:00","dateModified":"2026-03-11T22:34:40+00:00","description":"Fai pubblicit\u00e0 in modo efficace su Google con Google Ads! Richiedi un preventivo per la pubblicit\u00e0 su Google!","breadcrumb":{"@id":"https:\/\/myweby.gr\/it\/shop\/servizi-marketing\/pubblicita-su-google\/#breadcrumb"},"inLanguage":"it-IT","potentialAction":[{"@type":"ReadAction","target":["https:\/\/myweby.gr\/it\/shop\/servizi-marketing\/pubblicita-su-google\/"]}]},{"@type":"ImageObject","inLanguage":"it-IT","@id":"https:\/\/myweby.gr\/it\/shop\/servizi-marketing\/pubblicita-su-google\/#primaryimage","url":"https:\/\/myweby.gr\/site\/wp-content\/uploads\/2019\/02\/\u0394\u03b9\u03b1\u03c6\u03ae\u03bc\u03b9\u03c3\u03b7-Google.png","contentUrl":"https:\/\/myweby.gr\/site\/wp-content\/uploads\/2019\/02\/\u0394\u03b9\u03b1\u03c6\u03ae\u03bc\u03b9\u03c3\u03b7-Google.png","width":1000,"height":1000},{"@type":"BreadcrumbList","@id":"https:\/\/myweby.gr\/it\/shop\/servizi-marketing\/pubblicita-su-google\/#breadcrumb","itemListElement":[{"@type":"ListItem","position":1,"name":"Home","item":"https:\/\/myweby.gr\/it\/casa\/"},{"@type":"ListItem","position":2,"name":"Negozio","item":"https:\/\/myweby.gr\/it\/shop-it\/"},{"@type":"ListItem","position":3,"name":"Pubblicit\u00e0 su Google"}]},{"@type":"WebSite","@id":"https:\/\/myweby.gr\/#website","url":"https:\/\/myweby.gr\/","name":"Weby","description":"\u039a\u03b1\u03c4\u03b1\u03c3\u03ba\u03b5\u03c5\u03ae &amp; \u03a0\u03c1\u03bf\u03ce\u03b8\u03b7\u03c3\u03b7 \u0399\u03c3\u03c4\u03bf\u03c3\u03b5\u03bb\u03af\u03b4\u03c9\u03bd \u039d\u03ad\u03b1 \u03a3\u03bc\u03cd\u03c1\u03bd\u03b7","potentialAction":[{"@type":"SearchAction","target":{"@type":"EntryPoint","urlTemplate":"https:\/\/myweby.gr\/?s={search_term_string}"},"query-input":{"@type":"PropertyValueSpecification","valueRequired":true,"valueName":"search_term_string"}}],"inLanguage":"it-IT"}]}},"_links":{"self":[{"href":"https:\/\/myweby.gr\/it\/wp-json\/wp\/v2\/product\/14374","targetHints":{"allow":["GET"]}}],"collection":[{"href":"https:\/\/myweby.gr\/it\/wp-json\/wp\/v2\/product"}],"about":[{"href":"https:\/\/myweby.gr\/it\/wp-json\/wp\/v2\/types\/product"}],"wp:featuredmedia":[{"embeddable":true,"href":"https:\/\/myweby.gr\/it\/wp-json\/wp\/v2\/media\/14045"}],"wp:attachment":[{"href":"https:\/\/myweby.gr\/it\/wp-json\/wp\/v2\/media?parent=14374"}],"wp:term":[{"taxonomy":"product_brand","embeddable":true,"href":"https:\/\/myweby.gr\/it\/wp-json\/wp\/v2\/product_brand?post=14374"},{"taxonomy":"product_cat","embeddable":true,"href":"https:\/\/myweby.gr\/it\/wp-json\/wp\/v2\/product_cat?post=14374"},{"taxonomy":"product_tag","embeddable":true,"href":"https:\/\/myweby.gr\/it\/wp-json\/wp\/v2\/product_tag?post=14374"}],"curies":[{"name":"wp","href":"https:\/\/api.w.org\/{rel}","templated":true}]}}