{"id":14370,"date":"2021-11-05T21:23:52","date_gmt":"2021-11-05T19:23:52","guid":{"rendered":"https:\/\/myweby.gr\/shop\/senza-categoria\/pubblicita-su-facebook\/"},"modified":"2026-03-12T00:31:56","modified_gmt":"2026-03-11T22:31:56","slug":"pubblicita-su-facebook","status":"publish","type":"product","link":"https:\/\/myweby.gr\/it\/shop\/pubblicita-sui-social-media\/pubblicita-su-facebook\/","title":{"rendered":"Pubblicit\u00e0 su Facebook"},"content":{"rendered":"<h3>Trasforma la tua attivit\u00e0 con annunci Facebook specializzati<\/h3>\n<h4>Sfrutta la potenza del marketing mirato con i servizi WEBY.<\/h4>\n<p><strong>Esperienza di cui ti puoi fidare<\/strong><br \/>\n Con oltre 10 anni di esperienza nel settore del marketing e della pubblicit\u00e0, WEBY ha affinato le proprie competenze per fornire eccezionali servizi pubblicitari su Facebook ad aziende di qualsiasi dimensione. Il nostro team esperto conosce le complessit\u00e0 del marketing digitale e si impegna a favorire la crescita della tua attivit\u00e0 attraverso strategie pubblicitarie personalizzate.<\/p>\n<p><strong>Eccellenza certificata<\/strong><br \/>\n In qualit\u00e0 di partner certificato di Facebook, WEBY \u00e8 all&#8217;avanguardia nelle tendenze e nelle best practice pubblicitarie di Facebook. La nostra partnership con Facebook ci garantisce l&#8217;accesso agli strumenti e alle informazioni pi\u00f9 recenti, consentendoci di creare campagne che risuonano con il tuo pubblico di riferimento. Affidatevi a noi per sfruttare questa competenza a vantaggio del successo del vostro marchio.<\/p>\n<p><strong>Soddisfazione del cliente garantita<\/strong><br \/>\n Noi di WEBY siamo orgogliosi di raggiungere il 100% di soddisfazione del cliente. Il nostro team dedicato lavora a stretto contatto con voi per comprendere i vostri obiettivi e le vostre sfide specifiche, assicurando che le nostre strategie pubblicitarie siano perfettamente allineate con i vostri obiettivi aziendali. Unisciti ai nostri clienti soddisfatti e scopri la differenza che fa un servizio personalizzato.<\/p>\n<p><a href=\"https:\/\/myweby.gr\/%ce%b5%cf%80%ce%b9%ce%ba%ce%bf%ce%b9%ce%bd%cf%89%ce%bd%ce%af%ce%b1\/\">Richiedi un preventivo<\/a><\/p>\n","protected":false},"excerpt":{"rendered":"<h2>Pubblicit\u00e0 su Facebook<\/h2>\n<h3>Fai crescere la tua attivit\u00e0 con gli annunci di Facebook<\/h3>\n<p>WEBY Internet Marketing \u00e8 specializzata in pubblicit\u00e0 su Facebook e pubblicit\u00e0 sponsorizzata su Facebook.<\/p>\n<p>Contattaci per una proposta pubblicitaria!<\/p>\n<p>&nbsp;<\/p>\n","protected":false},"featured_media":12762,"template":"","meta":{"content-type":""},"product_brand":[],"product_cat":[989],"product_tag":[1015,1016,1014,1013],"class_list":{"0":"post-14370","1":"product","2":"type-product","3":"status-publish","4":"has-post-thumbnail","6":"product_cat-pubblicita-sui-social-media","7":"product_tag-annuncio-sponsorizzato-su-facebook","8":"product_tag-costo-della-pubblicita-sponsorizzata-su-facebook","9":"product_tag-pubblicita-sponsorizzata","10":"product_tag-pubblicita-su-facebook","12":"first","13":"instock","14":"sold-individually","15":"shipping-taxable","16":"purchasable","17":"product-type-simple"},"yoast_head":"<!-- This site is optimized with the Yoast SEO plugin v27.3 - https:\/\/yoast.com\/product\/yoast-seo-wordpress\/ -->\n<title>Pubblicit\u00e0 su Facebook - Weby Internet Marketing<\/title>\n<meta name=\"description\" content=\"pubblicit\u00e0 su Facebook\" \/>\n<meta name=\"robots\" content=\"index, follow, max-snippet:-1, max-image-preview:large, max-video-preview:-1\" \/>\n<link rel=\"canonical\" href=\"https:\/\/myweby.gr\/it\/shop\/pubblicita-sui-social-media\/pubblicita-su-facebook\/\" \/>\n<meta property=\"og:locale\" content=\"it_IT\" \/>\n<meta property=\"og:type\" content=\"article\" \/>\n<meta property=\"og:title\" content=\"Pubblicit\u00e0 su Facebook - Weby Internet Marketing\" \/>\n<meta property=\"og:description\" content=\"pubblicit\u00e0 su Facebook\" \/>\n<meta property=\"og:url\" content=\"https:\/\/myweby.gr\/it\/shop\/pubblicita-sui-social-media\/pubblicita-su-facebook\/\" \/>\n<meta property=\"og:site_name\" content=\"Weby\" \/>\n<meta property=\"article:publisher\" content=\"https:\/\/www.facebook.com\/myweby.gr\/\" \/>\n<meta property=\"article:modified_time\" content=\"2026-03-11T22:31:56+00:00\" \/>\n<meta property=\"og:image\" content=\"https:\/\/myweby.gr\/site\/wp-content\/uploads\/2021\/11\/facebook-ads.png\" \/>\n\t<meta property=\"og:image:width\" content=\"512\" \/>\n\t<meta property=\"og:image:height\" content=\"512\" \/>\n\t<meta property=\"og:image:type\" content=\"image\/png\" \/>\n<meta name=\"twitter:card\" content=\"summary_large_image\" \/>\n<meta name=\"twitter:label1\" content=\"Tempo di lettura stimato\" \/>\n\t<meta name=\"twitter:data1\" content=\"1 minuto\" \/>\n<script type=\"application\/ld+json\" class=\"yoast-schema-graph\">{\"@context\":\"https:\\\/\\\/schema.org\",\"@graph\":[{\"@type\":\"WebPage\",\"@id\":\"https:\\\/\\\/myweby.gr\\\/it\\\/shop\\\/pubblicita-sui-social-media\\\/pubblicita-su-facebook\\\/\",\"url\":\"https:\\\/\\\/myweby.gr\\\/it\\\/shop\\\/pubblicita-sui-social-media\\\/pubblicita-su-facebook\\\/\",\"name\":\"Pubblicit\u00e0 su Facebook - Weby Internet Marketing\",\"isPartOf\":{\"@id\":\"https:\\\/\\\/myweby.gr\\\/#website\"},\"primaryImageOfPage\":{\"@id\":\"https:\\\/\\\/myweby.gr\\\/it\\\/shop\\\/pubblicita-sui-social-media\\\/pubblicita-su-facebook\\\/#primaryimage\"},\"image\":{\"@id\":\"https:\\\/\\\/myweby.gr\\\/it\\\/shop\\\/pubblicita-sui-social-media\\\/pubblicita-su-facebook\\\/#primaryimage\"},\"thumbnailUrl\":\"https:\\\/\\\/myweby.gr\\\/site\\\/wp-content\\\/uploads\\\/2021\\\/11\\\/facebook-ads.png\",\"datePublished\":\"2021-11-05T19:23:52+00:00\",\"dateModified\":\"2026-03-11T22:31:56+00:00\",\"description\":\"pubblicit\u00e0 su Facebook\",\"breadcrumb\":{\"@id\":\"https:\\\/\\\/myweby.gr\\\/it\\\/shop\\\/pubblicita-sui-social-media\\\/pubblicita-su-facebook\\\/#breadcrumb\"},\"inLanguage\":\"it-IT\",\"potentialAction\":[{\"@type\":\"ReadAction\",\"target\":[\"https:\\\/\\\/myweby.gr\\\/it\\\/shop\\\/pubblicita-sui-social-media\\\/pubblicita-su-facebook\\\/\"]}]},{\"@type\":\"ImageObject\",\"inLanguage\":\"it-IT\",\"@id\":\"https:\\\/\\\/myweby.gr\\\/it\\\/shop\\\/pubblicita-sui-social-media\\\/pubblicita-su-facebook\\\/#primaryimage\",\"url\":\"https:\\\/\\\/myweby.gr\\\/site\\\/wp-content\\\/uploads\\\/2021\\\/11\\\/facebook-ads.png\",\"contentUrl\":\"https:\\\/\\\/myweby.gr\\\/site\\\/wp-content\\\/uploads\\\/2021\\\/11\\\/facebook-ads.png\",\"width\":512,\"height\":512},{\"@type\":\"BreadcrumbList\",\"@id\":\"https:\\\/\\\/myweby.gr\\\/it\\\/shop\\\/pubblicita-sui-social-media\\\/pubblicita-su-facebook\\\/#breadcrumb\",\"itemListElement\":[{\"@type\":\"ListItem\",\"position\":1,\"name\":\"Home\",\"item\":\"https:\\\/\\\/myweby.gr\\\/it\\\/casa\\\/\"},{\"@type\":\"ListItem\",\"position\":2,\"name\":\"Negozio\",\"item\":\"https:\\\/\\\/myweby.gr\\\/it\\\/shop-it\\\/\"},{\"@type\":\"ListItem\",\"position\":3,\"name\":\"Pubblicit\u00e0 su Facebook\"}]},{\"@type\":\"WebSite\",\"@id\":\"https:\\\/\\\/myweby.gr\\\/#website\",\"url\":\"https:\\\/\\\/myweby.gr\\\/\",\"name\":\"Weby\",\"description\":\"\u039a\u03b1\u03c4\u03b1\u03c3\u03ba\u03b5\u03c5\u03ae &amp; \u03a0\u03c1\u03bf\u03ce\u03b8\u03b7\u03c3\u03b7 \u0399\u03c3\u03c4\u03bf\u03c3\u03b5\u03bb\u03af\u03b4\u03c9\u03bd \u039d\u03ad\u03b1 \u03a3\u03bc\u03cd\u03c1\u03bd\u03b7\",\"potentialAction\":[{\"@type\":\"SearchAction\",\"target\":{\"@type\":\"EntryPoint\",\"urlTemplate\":\"https:\\\/\\\/myweby.gr\\\/?s={search_term_string}\"},\"query-input\":{\"@type\":\"PropertyValueSpecification\",\"valueRequired\":true,\"valueName\":\"search_term_string\"}}],\"inLanguage\":\"it-IT\"}]}<\/script>\n<!-- \/ Yoast SEO plugin. -->","yoast_head_json":{"title":"Pubblicit\u00e0 su Facebook - Weby Internet Marketing","description":"pubblicit\u00e0 su Facebook","robots":{"index":"index","follow":"follow","max-snippet":"max-snippet:-1","max-image-preview":"max-image-preview:large","max-video-preview":"max-video-preview:-1"},"canonical":"https:\/\/myweby.gr\/it\/shop\/pubblicita-sui-social-media\/pubblicita-su-facebook\/","og_locale":"it_IT","og_type":"article","og_title":"Pubblicit\u00e0 su Facebook - Weby Internet Marketing","og_description":"pubblicit\u00e0 su Facebook","og_url":"https:\/\/myweby.gr\/it\/shop\/pubblicita-sui-social-media\/pubblicita-su-facebook\/","og_site_name":"Weby","article_publisher":"https:\/\/www.facebook.com\/myweby.gr\/","article_modified_time":"2026-03-11T22:31:56+00:00","og_image":[{"width":512,"height":512,"url":"https:\/\/myweby.gr\/site\/wp-content\/uploads\/2021\/11\/facebook-ads.png","type":"image\/png"}],"twitter_card":"summary_large_image","twitter_misc":{"Tempo di lettura stimato":"1 minuto"},"schema":{"@context":"https:\/\/schema.org","@graph":[{"@type":"WebPage","@id":"https:\/\/myweby.gr\/it\/shop\/pubblicita-sui-social-media\/pubblicita-su-facebook\/","url":"https:\/\/myweby.gr\/it\/shop\/pubblicita-sui-social-media\/pubblicita-su-facebook\/","name":"Pubblicit\u00e0 su Facebook - Weby Internet Marketing","isPartOf":{"@id":"https:\/\/myweby.gr\/#website"},"primaryImageOfPage":{"@id":"https:\/\/myweby.gr\/it\/shop\/pubblicita-sui-social-media\/pubblicita-su-facebook\/#primaryimage"},"image":{"@id":"https:\/\/myweby.gr\/it\/shop\/pubblicita-sui-social-media\/pubblicita-su-facebook\/#primaryimage"},"thumbnailUrl":"https:\/\/myweby.gr\/site\/wp-content\/uploads\/2021\/11\/facebook-ads.png","datePublished":"2021-11-05T19:23:52+00:00","dateModified":"2026-03-11T22:31:56+00:00","description":"pubblicit\u00e0 su Facebook","breadcrumb":{"@id":"https:\/\/myweby.gr\/it\/shop\/pubblicita-sui-social-media\/pubblicita-su-facebook\/#breadcrumb"},"inLanguage":"it-IT","potentialAction":[{"@type":"ReadAction","target":["https:\/\/myweby.gr\/it\/shop\/pubblicita-sui-social-media\/pubblicita-su-facebook\/"]}]},{"@type":"ImageObject","inLanguage":"it-IT","@id":"https:\/\/myweby.gr\/it\/shop\/pubblicita-sui-social-media\/pubblicita-su-facebook\/#primaryimage","url":"https:\/\/myweby.gr\/site\/wp-content\/uploads\/2021\/11\/facebook-ads.png","contentUrl":"https:\/\/myweby.gr\/site\/wp-content\/uploads\/2021\/11\/facebook-ads.png","width":512,"height":512},{"@type":"BreadcrumbList","@id":"https:\/\/myweby.gr\/it\/shop\/pubblicita-sui-social-media\/pubblicita-su-facebook\/#breadcrumb","itemListElement":[{"@type":"ListItem","position":1,"name":"Home","item":"https:\/\/myweby.gr\/it\/casa\/"},{"@type":"ListItem","position":2,"name":"Negozio","item":"https:\/\/myweby.gr\/it\/shop-it\/"},{"@type":"ListItem","position":3,"name":"Pubblicit\u00e0 su Facebook"}]},{"@type":"WebSite","@id":"https:\/\/myweby.gr\/#website","url":"https:\/\/myweby.gr\/","name":"Weby","description":"\u039a\u03b1\u03c4\u03b1\u03c3\u03ba\u03b5\u03c5\u03ae &amp; \u03a0\u03c1\u03bf\u03ce\u03b8\u03b7\u03c3\u03b7 \u0399\u03c3\u03c4\u03bf\u03c3\u03b5\u03bb\u03af\u03b4\u03c9\u03bd \u039d\u03ad\u03b1 \u03a3\u03bc\u03cd\u03c1\u03bd\u03b7","potentialAction":[{"@type":"SearchAction","target":{"@type":"EntryPoint","urlTemplate":"https:\/\/myweby.gr\/?s={search_term_string}"},"query-input":{"@type":"PropertyValueSpecification","valueRequired":true,"valueName":"search_term_string"}}],"inLanguage":"it-IT"}]}},"_links":{"self":[{"href":"https:\/\/myweby.gr\/it\/wp-json\/wp\/v2\/product\/14370","targetHints":{"allow":["GET"]}}],"collection":[{"href":"https:\/\/myweby.gr\/it\/wp-json\/wp\/v2\/product"}],"about":[{"href":"https:\/\/myweby.gr\/it\/wp-json\/wp\/v2\/types\/product"}],"wp:featuredmedia":[{"embeddable":true,"href":"https:\/\/myweby.gr\/it\/wp-json\/wp\/v2\/media\/12762"}],"wp:attachment":[{"href":"https:\/\/myweby.gr\/it\/wp-json\/wp\/v2\/media?parent=14370"}],"wp:term":[{"taxonomy":"product_brand","embeddable":true,"href":"https:\/\/myweby.gr\/it\/wp-json\/wp\/v2\/product_brand?post=14370"},{"taxonomy":"product_cat","embeddable":true,"href":"https:\/\/myweby.gr\/it\/wp-json\/wp\/v2\/product_cat?post=14370"},{"taxonomy":"product_tag","embeddable":true,"href":"https:\/\/myweby.gr\/it\/wp-json\/wp\/v2\/product_tag?post=14370"}],"curies":[{"name":"wp","href":"https:\/\/api.w.org\/{rel}","templated":true}]}}