{"id":14368,"date":"2021-11-05T21:49:52","date_gmt":"2021-11-05T19:49:52","guid":{"rendered":"https:\/\/myweby.gr\/shop\/senza-categoria\/pubblicita-su-instagram\/"},"modified":"2026-03-12T00:31:09","modified_gmt":"2026-03-11T22:31:09","slug":"pubblicita-su-instagram","status":"publish","type":"product","link":"https:\/\/myweby.gr\/it\/shop\/pubblicita-sui-social-media\/pubblicita-su-instagram\/","title":{"rendered":"Pubblicit\u00e0 su Instagram"},"content":{"rendered":"<h2>Pubblicit\u00e0 su Instagram<\/h2>\n<p><strong>Esperienza di cui ti puoi fidare<\/strong><\/p>\n<p>Con oltre 10 anni di esperienza nel settore del marketing e della pubblicit\u00e0, WEBY \u00e8 il tuo partner di fiducia per la pubblicit\u00e0 su Instagram. Il nostro team di esperti comprende le sfumature del social media marketing ed \u00e8 impegnato ad aiutare aziende di ogni dimensione a creare campagne di impatto che incontrino il loro pubblico. Affidati a noi per migliorare la presenza del tuo brand su una delle piattaforme di social media leader a livello mondiale.  <\/p>\n<p><strong>Partner certificato di Instagram<\/strong><\/p>\n<p>In qualit\u00e0 di partner certificato Instagram, utilizziamo gli strumenti e le strategie pi\u00f9 recenti per massimizzare i tuoi sforzi pubblicitari. La nostra profonda conoscenza degli algoritmi e delle funzionalit\u00e0 pubblicitarie di Instagram garantisce che le tue campagne non solo vengano visualizzate, ma che anche coinvolgano e convertano. Sfruttiamo la pubblicit\u00e0 mirata per raggiungere il pubblico giusto, aumentando il coinvolgimento del brand e ottenendo risultati significativi.  <\/p>\n<p><strong>Impegno per la soddisfazione del cliente<\/strong><\/p>\n<p>In WEBY, siamo orgogliosi di raggiungere il 100% di soddisfazione del cliente. Il nostro approccio personalizzato ci consente di lavorare a stretto contatto con voi per comprendere i vostri obiettivi specifici e adattare i nostri servizi alle vostre esigenze. Dalla progettazione della campagna all&#8217;esecuzione e all&#8217;analisi, ci impegniamo a fornire risultati eccezionali che aiutino la vostra azienda a prosperare in un panorama competitivo.  <\/p>\n","protected":false},"excerpt":{"rendered":"<h2>Pubblicit\u00e0 su Instagram<\/h2>\n<h3>Fai crescere la tua attivit\u00e0 con gli annunci Instagram<\/h3>\n<p>WEBY Internet Marketing \u00e8 specializzata in pubblicit\u00e0 su Instagram e pubblicit\u00e0 sponsorizzata su Instagram.<\/p>\n<p>Contattaci per una proposta pubblicitaria!<\/p>\n","protected":false},"featured_media":12764,"template":"","meta":{"content-type":""},"product_brand":[],"product_cat":[989],"product_tag":[1007,1008],"class_list":{"0":"post-14368","1":"product","2":"type-product","3":"status-publish","4":"has-post-thumbnail","6":"product_cat-pubblicita-sui-social-media","7":"product_tag-instagram","8":"product_tag-pubblicita-su-instagram","10":"first","11":"instock","12":"sold-individually","13":"shipping-taxable","14":"purchasable","15":"product-type-simple"},"yoast_head":"<!-- This site is optimized with the Yoast SEO plugin v27.3 - https:\/\/yoast.com\/product\/yoast-seo-wordpress\/ -->\n<title>Pubblicit\u00e0 su Instagram - Weby Internet Marketing<\/title>\n<meta name=\"description\" content=\"Fai crescere la tua attivit\u00e0 con gli annunci Instagram. Richiedi un preventivo pubblicitario!\" \/>\n<meta name=\"robots\" content=\"index, follow, max-snippet:-1, max-image-preview:large, max-video-preview:-1\" \/>\n<link rel=\"canonical\" href=\"https:\/\/myweby.gr\/it\/shop\/pubblicita-sui-social-media\/pubblicita-su-instagram\/\" \/>\n<meta property=\"og:locale\" content=\"it_IT\" \/>\n<meta property=\"og:type\" content=\"article\" \/>\n<meta property=\"og:title\" content=\"Pubblicit\u00e0 su Instagram - Weby Internet Marketing\" \/>\n<meta property=\"og:description\" content=\"Fai crescere la tua attivit\u00e0 con gli annunci Instagram. Richiedi un preventivo pubblicitario!\" \/>\n<meta property=\"og:url\" content=\"https:\/\/myweby.gr\/it\/shop\/pubblicita-sui-social-media\/pubblicita-su-instagram\/\" \/>\n<meta property=\"og:site_name\" content=\"Weby\" \/>\n<meta property=\"article:publisher\" content=\"https:\/\/www.facebook.com\/myweby.gr\/\" \/>\n<meta property=\"article:modified_time\" content=\"2026-03-11T22:31:09+00:00\" \/>\n<meta property=\"og:image\" content=\"https:\/\/myweby.gr\/site\/wp-content\/uploads\/2021\/11\/instagram-ads.png\" \/>\n\t<meta property=\"og:image:width\" content=\"960\" \/>\n\t<meta property=\"og:image:height\" content=\"960\" \/>\n\t<meta property=\"og:image:type\" content=\"image\/png\" \/>\n<meta name=\"twitter:card\" content=\"summary_large_image\" \/>\n<meta name=\"twitter:label1\" content=\"Tempo di lettura stimato\" \/>\n\t<meta name=\"twitter:data1\" content=\"1 minuto\" \/>\n<script type=\"application\/ld+json\" class=\"yoast-schema-graph\">{\"@context\":\"https:\\\/\\\/schema.org\",\"@graph\":[{\"@type\":\"WebPage\",\"@id\":\"https:\\\/\\\/myweby.gr\\\/it\\\/shop\\\/pubblicita-sui-social-media\\\/pubblicita-su-instagram\\\/\",\"url\":\"https:\\\/\\\/myweby.gr\\\/it\\\/shop\\\/pubblicita-sui-social-media\\\/pubblicita-su-instagram\\\/\",\"name\":\"Pubblicit\u00e0 su Instagram - Weby Internet Marketing\",\"isPartOf\":{\"@id\":\"https:\\\/\\\/myweby.gr\\\/#website\"},\"primaryImageOfPage\":{\"@id\":\"https:\\\/\\\/myweby.gr\\\/it\\\/shop\\\/pubblicita-sui-social-media\\\/pubblicita-su-instagram\\\/#primaryimage\"},\"image\":{\"@id\":\"https:\\\/\\\/myweby.gr\\\/it\\\/shop\\\/pubblicita-sui-social-media\\\/pubblicita-su-instagram\\\/#primaryimage\"},\"thumbnailUrl\":\"https:\\\/\\\/myweby.gr\\\/site\\\/wp-content\\\/uploads\\\/2021\\\/11\\\/instagram-ads.png\",\"datePublished\":\"2021-11-05T19:49:52+00:00\",\"dateModified\":\"2026-03-11T22:31:09+00:00\",\"description\":\"Fai crescere la tua attivit\u00e0 con gli annunci Instagram. Richiedi un preventivo pubblicitario!\",\"breadcrumb\":{\"@id\":\"https:\\\/\\\/myweby.gr\\\/it\\\/shop\\\/pubblicita-sui-social-media\\\/pubblicita-su-instagram\\\/#breadcrumb\"},\"inLanguage\":\"it-IT\",\"potentialAction\":[{\"@type\":\"ReadAction\",\"target\":[\"https:\\\/\\\/myweby.gr\\\/it\\\/shop\\\/pubblicita-sui-social-media\\\/pubblicita-su-instagram\\\/\"]}]},{\"@type\":\"ImageObject\",\"inLanguage\":\"it-IT\",\"@id\":\"https:\\\/\\\/myweby.gr\\\/it\\\/shop\\\/pubblicita-sui-social-media\\\/pubblicita-su-instagram\\\/#primaryimage\",\"url\":\"https:\\\/\\\/myweby.gr\\\/site\\\/wp-content\\\/uploads\\\/2021\\\/11\\\/instagram-ads.png\",\"contentUrl\":\"https:\\\/\\\/myweby.gr\\\/site\\\/wp-content\\\/uploads\\\/2021\\\/11\\\/instagram-ads.png\",\"width\":960,\"height\":960},{\"@type\":\"BreadcrumbList\",\"@id\":\"https:\\\/\\\/myweby.gr\\\/it\\\/shop\\\/pubblicita-sui-social-media\\\/pubblicita-su-instagram\\\/#breadcrumb\",\"itemListElement\":[{\"@type\":\"ListItem\",\"position\":1,\"name\":\"Home\",\"item\":\"https:\\\/\\\/myweby.gr\\\/it\\\/casa\\\/\"},{\"@type\":\"ListItem\",\"position\":2,\"name\":\"Negozio\",\"item\":\"https:\\\/\\\/myweby.gr\\\/it\\\/shop-it\\\/\"},{\"@type\":\"ListItem\",\"position\":3,\"name\":\"Pubblicit\u00e0 su Instagram\"}]},{\"@type\":\"WebSite\",\"@id\":\"https:\\\/\\\/myweby.gr\\\/#website\",\"url\":\"https:\\\/\\\/myweby.gr\\\/\",\"name\":\"Weby\",\"description\":\"\u039a\u03b1\u03c4\u03b1\u03c3\u03ba\u03b5\u03c5\u03ae &amp; \u03a0\u03c1\u03bf\u03ce\u03b8\u03b7\u03c3\u03b7 \u0399\u03c3\u03c4\u03bf\u03c3\u03b5\u03bb\u03af\u03b4\u03c9\u03bd \u039d\u03ad\u03b1 \u03a3\u03bc\u03cd\u03c1\u03bd\u03b7\",\"potentialAction\":[{\"@type\":\"SearchAction\",\"target\":{\"@type\":\"EntryPoint\",\"urlTemplate\":\"https:\\\/\\\/myweby.gr\\\/?s={search_term_string}\"},\"query-input\":{\"@type\":\"PropertyValueSpecification\",\"valueRequired\":true,\"valueName\":\"search_term_string\"}}],\"inLanguage\":\"it-IT\"}]}<\/script>\n<!-- \/ Yoast SEO plugin. -->","yoast_head_json":{"title":"Pubblicit\u00e0 su Instagram - Weby Internet Marketing","description":"Fai crescere la tua attivit\u00e0 con gli annunci Instagram. Richiedi un preventivo pubblicitario!","robots":{"index":"index","follow":"follow","max-snippet":"max-snippet:-1","max-image-preview":"max-image-preview:large","max-video-preview":"max-video-preview:-1"},"canonical":"https:\/\/myweby.gr\/it\/shop\/pubblicita-sui-social-media\/pubblicita-su-instagram\/","og_locale":"it_IT","og_type":"article","og_title":"Pubblicit\u00e0 su Instagram - Weby Internet Marketing","og_description":"Fai crescere la tua attivit\u00e0 con gli annunci Instagram. Richiedi un preventivo pubblicitario!","og_url":"https:\/\/myweby.gr\/it\/shop\/pubblicita-sui-social-media\/pubblicita-su-instagram\/","og_site_name":"Weby","article_publisher":"https:\/\/www.facebook.com\/myweby.gr\/","article_modified_time":"2026-03-11T22:31:09+00:00","og_image":[{"width":960,"height":960,"url":"https:\/\/myweby.gr\/site\/wp-content\/uploads\/2021\/11\/instagram-ads.png","type":"image\/png"}],"twitter_card":"summary_large_image","twitter_misc":{"Tempo di lettura stimato":"1 minuto"},"schema":{"@context":"https:\/\/schema.org","@graph":[{"@type":"WebPage","@id":"https:\/\/myweby.gr\/it\/shop\/pubblicita-sui-social-media\/pubblicita-su-instagram\/","url":"https:\/\/myweby.gr\/it\/shop\/pubblicita-sui-social-media\/pubblicita-su-instagram\/","name":"Pubblicit\u00e0 su Instagram - Weby Internet Marketing","isPartOf":{"@id":"https:\/\/myweby.gr\/#website"},"primaryImageOfPage":{"@id":"https:\/\/myweby.gr\/it\/shop\/pubblicita-sui-social-media\/pubblicita-su-instagram\/#primaryimage"},"image":{"@id":"https:\/\/myweby.gr\/it\/shop\/pubblicita-sui-social-media\/pubblicita-su-instagram\/#primaryimage"},"thumbnailUrl":"https:\/\/myweby.gr\/site\/wp-content\/uploads\/2021\/11\/instagram-ads.png","datePublished":"2021-11-05T19:49:52+00:00","dateModified":"2026-03-11T22:31:09+00:00","description":"Fai crescere la tua attivit\u00e0 con gli annunci Instagram. Richiedi un preventivo pubblicitario!","breadcrumb":{"@id":"https:\/\/myweby.gr\/it\/shop\/pubblicita-sui-social-media\/pubblicita-su-instagram\/#breadcrumb"},"inLanguage":"it-IT","potentialAction":[{"@type":"ReadAction","target":["https:\/\/myweby.gr\/it\/shop\/pubblicita-sui-social-media\/pubblicita-su-instagram\/"]}]},{"@type":"ImageObject","inLanguage":"it-IT","@id":"https:\/\/myweby.gr\/it\/shop\/pubblicita-sui-social-media\/pubblicita-su-instagram\/#primaryimage","url":"https:\/\/myweby.gr\/site\/wp-content\/uploads\/2021\/11\/instagram-ads.png","contentUrl":"https:\/\/myweby.gr\/site\/wp-content\/uploads\/2021\/11\/instagram-ads.png","width":960,"height":960},{"@type":"BreadcrumbList","@id":"https:\/\/myweby.gr\/it\/shop\/pubblicita-sui-social-media\/pubblicita-su-instagram\/#breadcrumb","itemListElement":[{"@type":"ListItem","position":1,"name":"Home","item":"https:\/\/myweby.gr\/it\/casa\/"},{"@type":"ListItem","position":2,"name":"Negozio","item":"https:\/\/myweby.gr\/it\/shop-it\/"},{"@type":"ListItem","position":3,"name":"Pubblicit\u00e0 su Instagram"}]},{"@type":"WebSite","@id":"https:\/\/myweby.gr\/#website","url":"https:\/\/myweby.gr\/","name":"Weby","description":"\u039a\u03b1\u03c4\u03b1\u03c3\u03ba\u03b5\u03c5\u03ae &amp; \u03a0\u03c1\u03bf\u03ce\u03b8\u03b7\u03c3\u03b7 \u0399\u03c3\u03c4\u03bf\u03c3\u03b5\u03bb\u03af\u03b4\u03c9\u03bd \u039d\u03ad\u03b1 \u03a3\u03bc\u03cd\u03c1\u03bd\u03b7","potentialAction":[{"@type":"SearchAction","target":{"@type":"EntryPoint","urlTemplate":"https:\/\/myweby.gr\/?s={search_term_string}"},"query-input":{"@type":"PropertyValueSpecification","valueRequired":true,"valueName":"search_term_string"}}],"inLanguage":"it-IT"}]}},"_links":{"self":[{"href":"https:\/\/myweby.gr\/it\/wp-json\/wp\/v2\/product\/14368","targetHints":{"allow":["GET"]}}],"collection":[{"href":"https:\/\/myweby.gr\/it\/wp-json\/wp\/v2\/product"}],"about":[{"href":"https:\/\/myweby.gr\/it\/wp-json\/wp\/v2\/types\/product"}],"wp:featuredmedia":[{"embeddable":true,"href":"https:\/\/myweby.gr\/it\/wp-json\/wp\/v2\/media\/12764"}],"wp:attachment":[{"href":"https:\/\/myweby.gr\/it\/wp-json\/wp\/v2\/media?parent=14368"}],"wp:term":[{"taxonomy":"product_brand","embeddable":true,"href":"https:\/\/myweby.gr\/it\/wp-json\/wp\/v2\/product_brand?post=14368"},{"taxonomy":"product_cat","embeddable":true,"href":"https:\/\/myweby.gr\/it\/wp-json\/wp\/v2\/product_cat?post=14368"},{"taxonomy":"product_tag","embeddable":true,"href":"https:\/\/myweby.gr\/it\/wp-json\/wp\/v2\/product_tag?post=14368"}],"curies":[{"name":"wp","href":"https:\/\/api.w.org\/{rel}","templated":true}]}}