{"id":14375,"date":"2026-03-12T00:36:15","date_gmt":"2026-03-11T22:36:15","guid":{"rendered":"https:\/\/myweby.gr\/politica-sulla-riservatezza\/"},"modified":"2026-03-12T00:36:15","modified_gmt":"2026-03-11T22:36:15","slug":"politica-sulla-riservatezza","status":"publish","type":"page","link":"https:\/\/myweby.gr\/it\/politica-sulla-riservatezza\/","title":{"rendered":"politica sulla riservatezza"},"content":{"rendered":"\n<p>INFORMATIVA SULLA PRIVACY del sito web www.myweby.gr<\/p>\n\n<p>Ultimo aggiornamento 24\/5\/2018<\/p>\n\n<p>WEBY (di seguito denominata &#8220;WEBY&#8221;)\n Societ\u00e0, &#8220;noi&#8221; o &#8220;ci&#8221;), con sede nel Comune di Nea Smyrni in via Kalymnou 6, Nea Smyrni\n 17122 si impegna a proteggere e rispettare la tua privacy.  <\/p>\n\n<p>La presente Informativa sulla privacy (insieme ai nostri Termini di utilizzo,\n Politica sui cookie\n Condizioni di partecipazione ai concorsi e qualsiasi altro documento rilevante che\n si riferisce ad esso) determina la base sulla quale ci sottoporremo a\n elaborare le informazioni personali che ci fornisci o che raccogliamo\n da parte tua durante la navigazione e l&#8217;utilizzo del sito web www.myweby.gr (di seguito il &#8220;Sito Web&#8221;), che viene effettuato in conformit\u00e0 con\n le disposizioni di legge nazionali ed europee in materia di tutela dei\n individuo dal trattamento dei dati personali, come applicabile da\n di tanto in tanto.<\/p>\n\n<p>Si prega di studiare attentamente questi testi per comprendere il\n il nostro approccio e le nostre pratiche riguardanti i tuoi dati personali e\n come li gestiremo.<\/p>\n\n<p>Fornendoci i tuoi dati personali, dichiari da un lato che\n accetti la presente Informativa sulla privacy e l&#8217;Informativa sui cookie e acconsenti alla raccolta e\n elaborazione e condivisione dei tuoi dati personali in conformit\u00e0 con la presente\n Informativa sulla privacy e sui cookie.<\/p>\n\n<p>Il trattamento dei tuoi dati personali, come descritto nella presente Informativa sulla privacy,\n Politica, si basa sul consenso che ci fornisci utilizzando il\n servizi del nostro sito web.<\/p>\n\n<p>Per le esigenze della normativa vigente in materia di protezione dei dati personali\n Titolare del trattamento dei dati \u00e8 la Societ\u00e0 WEBY con sede legale in Via Kalymnou 6, Nea Smyrni 17122,\n Grecia.<\/p>\n\n<p><strong>1. Raccolta di informazioni  <\/strong><\/p>\n\n<p>Raccogliamo le tue informazioni personali quando utilizzi il sito web.\n Le informazioni che raccogliamo rientrano in tre categorie: <\/p>\n\n<p>(a) le informazioni che ci fornisci;<\/p>\n\n<p>(b) informazioni che raccogliamo con metodi automatizzati; e<\/p>\n\n<p>(c) informazioni che raccogliamo da altre fonti.<\/p>\n\n<p>Potremmo combinare le informazioni che ci fornisci con le informazioni\n raccolti con metodi automatizzati e con le informazioni che riceviamo\n da altre fonti.  <\/p>\n\n<p>1.1 Raccogliamo le informazioni che ci fornisci, come segue:  <\/p>\n\n<p>La Societ\u00e0 raccoglie i dati personali degli Utenti tramite il Sito Web.\n in quanto da loro registrati sul Sito per lo sfruttamento\n determinati servizi del Sito. In particolare, sono oggetto di\n raccolta ed elaborazione, ad esempio, dei seguenti dati degli Utenti: nome,\n cognome, indirizzo email, indirizzo postale, numero di telefono. <\/p>\n\n<p>Informazioni sul tuo account, come il tuo nome utente o la tua password\n codice di accesso (o qualsiasi altro elemento che ti organizza) che usi per il\n il tuo accesso al nostro sito web o l&#8217;utilizzo dello stesso\n Servizi del sito web in conformit\u00e0 con i Termini di utilizzo;<\/p>\n\n<p>Le informazioni del tuo profilo, comprese le informazioni sui nostri servizi che\n preferisci o per gli orari in cui preferisci farci visita o per la frequenza\n utilizzi il Sito Web; e<\/p>\n\n<p>Altre informazioni personali che scegli di fornirci durante il\n interazione e\/o comunicazione con noi (ad esempio, nome, cognome,\n indirizzo postale ed elettronico (e-mail) telefono.)<\/p>\n\n<p>  1.2 Raccogliamo informazioni tramite\n metodi automatizzati<\/p>\n\n<p>Potremmo utilizzare tecnologie automatizzate per raccogliere\n informazioni dal tuo dispositivo mobile quando utilizzi il nostro sito web.<\/p>\n\n<p>Potremmo raccogliere informazioni su:<\/p>\n\n<p>il tuo indirizzo di protocollo Internet (indirizzo IP);<\/p>\n\n<p>il sistema operativo del tuo dispositivo mobile, se visiti il\n Sito web tramite dispositivo mobile;<\/p>\n\n<p>il tipo di dispositivo mobile e le sue impostazioni  <\/p>\n\n<p>I numeri di serie corrispondenti al tuo dispositivo e alle tue parti\n di questo.  <\/p>\n\n<p>identificatori pubblicitari (ad esempio, pubblicit\u00e0\n identificatori (IDFA e IFA) o identificatori simili;<\/p>\n\n<p>il sito web di reindirizzamento (il sito web che ti ha portato al tuo)\n Nostro)<\/p>\n\n<p>messaggi a noi o su di noi sui social media e<\/p>\n\n<p>azioni relative al modo in cui utilizzi il nostro sito Web, come ad esempio\n sezioni che visiti sul nostro sito web.<\/p>\n\n<p>Il nostro sito Web pu\u00f2 raccogliere informazioni precise sulla posizione\n del tuo dispositivo mobile utilizzando la geolocalizzazione e tecnologie come\n GPS (Sistema di posizionamento globale)\n posizione), Wi-Fi (rete locale wireless), Bluetooth o prossimit\u00e0 della torre cellulare. La maggior parte dei dispositivi mobili e dei browser consente di\n revocare il permesso che ci hai concesso di raccogliere tali dati\n informazioni, utilizzando le impostazioni del dispositivo o del browser. Se\n hai domande su come puoi impedire la raccolta di informazioni\n per la tua posizione esatta, ti consigliamo di contattare il fornitore\n il supporto tecnico del tuo dispositivo mobile, il produttore del dispositivo\n il fornitore del software o del browser. Alcuni servizi potrebbero non essere disponibili.\n funzionare correttamente senza le informazioni sulla tua posizione. Se desideri\n eliminare le informazioni che abbiamo raccolto che potrebbero essere\n determinare la tua posizione, contattaci a\n indirizzo, numero di telefono o indirizzo email che\n sono elencati di seguito. Per legge, potremmo essere tenuti a conservare\n alcune informazioni.     <\/p>\n\n<p>1.3 Raccogliamo informazioni da altre fonti<\/p>\n\n<p>Potremmo raccogliere informazioni su di te da altre aziende o\n organizzazioni. Potremmo anche raccogliere informazioni che sono pubblicamente disponibili\n accessibile. Ad esempio, potremmo raccogliere informazioni su di te\n quando interagisci con noi sui social media.  <\/p>\n\n<p><strong>2. Come li utilizziamo\n informazioni che raccogliamo.<\/strong><\/p>\n\n<p>  Utilizzeremo le informazioni\n che raccogliamo per:<\/p>\n\n<p>Navigare e utilizzare le funzionalit\u00e0 del Sito Web<\/p>\n\n<p>Per personalizzare la tua esperienza sul nostro sito web<\/p>\n\n<p>Per evadere gli ordini di acquisto dei prodotti che invii tramite\n del nostro sito web, per comunicare con te in merito al tuo acquisto\n ma anche per la nostra contabilit\u00e0, revisione contabile e funzioni interne in\n quadro del nostro rapporto commerciale.<\/p>\n\n<p>Per migliorare la nostra attivit\u00e0, i nostri prodotti e servizi\n i nostri servizi. Ad esempio, potremmo utilizzare le tue informazioni\n per comprendere meglio le preferenze dei consumatori e degli utenti\n del Sito, con l&#8217;obiettivo di migliorare l&#8217;organizzazione e la presentazione del\n dei nostri prodotti attraverso il nostro negozio online ma anche per il pubblico generale\n migliorare il nostro sito web. Potremmo utilizzare le informazioni per\n lo sviluppo di nuovi prodotti e servizi, attraverso la conduzione di ricerche sui clienti\n e la valutazione delle vendite, del marketing e\n la nostra attivit\u00e0 pubblicitaria;  <\/p>\n\n<p>per mantenere, gestire e migliorare i nostri prodotti, servizi\n offerte, promozioni, il nostro sito web.<\/p>\n\n<p>per inviarti messaggi promozionali su novit\u00e0, offerte per\n prodotti e servizi della nostra Societ\u00e0, ad esempio tramite e-mail (newsletter), telefono cellulare (sms, viber), notifiche push web, ecc., a condizione che tu ci abbia comunicato la tua volont\u00e0 di farlo.<\/p>\n\n<p>La prevenzione e il controllo delle frodi, delle violazioni dei nostri Termini di utilizzo e\n normativa applicabile, nonch\u00e9 per il rispetto delle decisioni giudiziarie,\n richieste provenienti dalle competenti autorit\u00e0 giudiziarie, inquirenti o pubbliche, ma anche per\n la nostra conformit\u00e0 alla legislazione applicabile.  <\/p>\n\n<p>Se ci contatti, utilizzeremo le informazioni che ci fornisci\n a noi, come i tuoi dati di contatto e\/o informazioni sulla consegna o\n pagamento e\/o informazioni sul prodotto acquistato, al fine di\n risolvere il problema che stai riscontrando o rispondere alle tue domande.<\/p>\n\n<p><strong>  3. Con chi condividiamo le informazioni?\n noi raccogliamo<\/strong><\/p>\n\n<p>3.1 Non condivideremo le tue informazioni personali con terze parti,\n tuttavia, condividiamo le tue informazioni solo nel modo descritto in\n la presente Informativa sulla privacy.  <\/p>\n\n<p>Condivideremo le tue informazioni con i fornitori che ci forniscono\n servizi, come i servizi di supporto del sito Web e\n altri servizi di tecnologia dell&#8217;informazione e conduzione di ricerche e analisi.\n Vietiamo ai fornitori che ci forniscono servizi, come\n ai suddetti fornitori di utilizzare le informazioni di cui sopra o di\n divulgare per qualsiasi scopo diverso dalla fornitura di servizi per\n il nostro account.  <\/p>\n\n<p>Potremmo decidere, per ragioni strategiche o di altro tipo,\n finalit\u00e0, la vendita o il trasferimento della nostra attivit\u00e0 nella sua interezza\n o in parte. Nel contesto di tale vendita o trasferimento, pu\u00f2 essere\n trasmettere le informazioni che abbiamo raccolto e memorizzato, tra cui\n delle informazioni sui clienti, a tutte le parti coinvolte nella vendita o\n trasferimento o cessione della nostra attivit\u00e0 in tutto o in parte.\n Come parte di tale vendita o trasferimento, potremmo trasferire\n informazioni che abbiamo raccolto e archiviato, comprese\n informazioni sui clienti, a ciascuna parte coinvolta nella vendita o nel trasferimento.   <\/p>\n\n<p>A volte potremmo condividere informazioni che non ti identificano con\n direttamente. Ad esempio, potremmo condividere in forma anonima,\n statistiche aggregate sul tuo utilizzo del Sito Web. <\/p>\n\n<p>In via eccezionale, la nostra Societ\u00e0 pu\u00f2 divulgare le tue informazioni personali\n informazioni a terzi, solo se sussiste un obbligo legale rilevante in tal senso\n questo, o \u00e8 obbligato in virt\u00f9 di una decisione\/ordinanza di un tribunale o di altra autorit\u00e0 competente\n inizio.<\/p>\n\n<p>4. Comunicazioni promozionali<\/p>\n\n<p>4.1. Se ci dai il tuo consenso a ricevere comunicazioni promozionali\n da parte nostra, puoi scegliere di non ricevere pi\u00f9 tali comunicazioni\n comunicazioni e revocare il consenso seguendo le istruzioni\n presenti nei messaggi promozionali (opt-out). Puoi anche\n per rinunciare a ricevere messaggi promozionali contattando\n telefono o indirizzo email di seguito (vedi paragrafo 11 &#8220;Come contattarci&#8221;)\n Comunicazione&#8221;). Se hai scelto di non ricevere pi\u00f9 messaggi promozionali da\n noi, la Societ\u00e0 potr\u00e0 tuttavia inviarti messaggi\/comunicazioni riguardanti\n con le tue transazioni, tutti i conti che hai con noi. Inoltre, il fatto\n che hai scelto di non ricevere un tipo di comunicazione da parte nostra non\n significa che hai scelto di non ricevere altri tipi di comunicazioni da\n La nostra azienda. Ad esempio, se hai scelto di non ricevere comunicazioni elettroniche\n messaggi, potresti continuare a ricevere messaggi promozionali tramite\n telefono (ad esempio sms) se\n hai precedentemente scelto di riceverli.     <\/p>\n\n<p>4.3. Conserveremo i tuoi dati per il periodo di tempo che\n \u00e8 necessario per servire gli scopi descritti nel presente documento\n Politica nonch\u00e9 per la conformit\u00e0 alle nostre politiche in materia di\n conservazione dei dati (a meno che la conservazione dei dati non sia per un periodo di tempo pi\u00f9 lungo)\n periodo richiesto dalla legge).<\/p>\n\n<p>4.4. Se in qualsiasi momento desideri correggere i tuoi dati personali,\n informazioni che abbiamo su di te, ti preghiamo di contattarci a\n indirizzo o numero di telefono di seguito (vedere paragrafo 11 &#8220;Informazioni di contatto&#8221;).<\/p>\n\n<p>5. Periodo di conservazione dei dati personali<\/p>\n\n<p>Conserviamo le tue informazioni per tutto il tempo necessario a soddisfare le\n finalit\u00e0 descritte nella presente Informativa. (salvo quanto richiesto dalla legge)\n che devono essere mantenuti per un periodo pi\u00f9 lungo).   <\/p>\n\n<p>6. Collegamenti ad altri siti web e social media<\/p>\n\n<p>Il sito Web pu\u00f2 fornire collegamenti a siti Web che\n gestiti da noi o da terze parti. Se visiti uno di questi\n siti web collegati, dovresti leggere la loro politica sulla privacy\n sito web, termini e condizioni d&#8217;uso e altre politiche\n Non siamo responsabili delle politiche e delle pratiche di terze parti. Queste\n le organizzazioni gestiscono le informazioni che fornisci loro in conformit\u00e0 con\n la loro politica sulla privacy, termini e condizioni d&#8217;uso e altro\n le loro politiche.   <\/p>\n\n<p>I fornitori di altre applicazioni, strumenti, widget possono anche\n (widget) e plugin che\n disponibili sul nostro sito Web, come i pulsanti &#8220;Mi piace&#8221; di Facebook, utilizzano anche cookie automatizzati\n metodi per raccogliere informazioni e come utilizzarle\n operazioni. Queste organizzazioni possono utilizzare le informazioni\n il tuo secondo le loro politiche. <\/p>\n\n<p>7. Trasferimento internazionale dei dati<\/p>\n\n<p>7.1. Le informazioni personali che raccogliamo dagli Utenti saranno\n rimangono e saranno archiviati su un server sicuro in Grecia e\n La Societ\u00e0 adotta tutte le misure ragionevoli per proteggerli.<\/p>\n\n<p>7.2. Nonostante quanto sopra, le informazioni personali possono essere\n raccogliamo per trasmetterli e conservarli in destinazioni esterne\n Unione Europea (UE), compresi i paesi che potrebbero non essere\n fornire lo stesso livello di protezione garantito nel tuo Paese.<\/p>\n\n<p>Nell\u2019ambito del trattamento descritto nella presente Informativa,\n potremmo delegare il trattamento o condividere i tuoi dati personali\n informazioni a terzi stabiliti in paesi al di fuori dell&#8217;Unione Europea\n Unione Europea (UE). Pertanto, i tuoi dati personali potrebbero essere\n sono trattati da personale operante all&#8217;esterno\n Unione Europea (UE) e lavora per noi o per uno dei nostri\n i nostri fornitori. Facciamo affidamento su queste terze parti\/fornitori per\n fornire servizi e prodotti per nostro conto ed \u00e8 possibile che\n condividere i tuoi dati personali con queste terze parti (ad esempio\n fornitori di software, partner esterni, ecc.). In generale,\n I nostri fornitori di servizi sono contrattualmente obbligati a proteggere il\n i tuoi dati personali e non possono in alcun modo utilizzare o\n trasmettere i tuoi dati personali. Non consentiremo a queste terze parti\n persone di utilizzare o condividere queste informazioni per un altro\n finalit\u00e0 che vanno oltre lo scopo di fornire servizi per nostro conto.   <\/p>\n\n<p>Indipendentemente dal Paese con cui vengono condivisi i tuoi dati personali,\n condividiamo i tuoi dati personali solo nei casi in cui\n vi \u00e8 una stretta necessit\u00e0 di accedere ai dati (necessit\u00e0 di sapere) e sempre in conformit\u00e0 con le disposizioni appropriate\n meccanismi di protezione (come, ad esempio, ai sensi del Contratto Standard)\n Termini della Commissione Europea).<\/p>\n\n<p>Hai il diritto di richiedere una copia di quanto sopra contattando\n la Societ\u00e0 all&#8217;indirizzo o al numero di telefono sotto indicato (vedere paragrafo 11 a questo proposito).<\/p>\n\n<p>Inviando i tuoi dati personali, acconsenti a questo\n trasmissione, archiviazione o elaborazione. Tali trasmissioni avverranno in\n in conformit\u00e0 con gli usi specificati nella presente Politica e in conformit\u00e0 con la\n consentito dalla legge. Adotteremo tutte le misure necessarie in conformit\u00e0 con la\n legislazione applicabile per garantire una gestione sicura dei dati\n vostro, sempre in conformit\u00e0 con la presente Politica e la legge.  <\/p>\n\n<p>8. Sicurezza delle informazioni<\/p>\n\n<p>Ci impegniamo ad adottare tutte le misure appropriate che sono state sviluppate\n per la custodia sicura dei tuoi dati personali. I dati tecnici, amministrativi\n e i nostri processi fisici sono progettati per proteggere i dati personali\n le tue informazioni da perdite accidentali, illegali o non autorizzate, accessi,\n divulgazione, utilizzo, modifica o distruzione. Sebbene facciamo ogni sforzo per\n la protezione dei nostri sistemi informativi nessun sito web, informazione\n sistema o trasmissione di dati su Internet o su qualsiasi altra rete pubblica non \u00e8\n pu\u00f2 essere garantito al 100% di sicurezza.  <\/p>\n\n<p>9. I tuoi diritti<\/p>\n\n<p>Ai sensi della legge applicabile, hai il diritto di accesso, vale a dire su\n la tua richiesta da un lato di essere informato se i tuoi dati personali\n i dati vengono elaborati e d&#8217;altra parte puoi ricevere ulteriori informazioni\n riguardo al trattamento, in particolare riguardo al trattamento effettuato,\n le opportune garanzie in base alle quali vengono effettuati eventuali trasferimenti\n a un paese terzo o a un&#8217;organizzazione internazionale. Inoltre, hai il diritto di chiedere l&#8217;\n la correzione dei tuoi dati personali inesatti. Inoltre, se si verificano le seguenti condizioni:\n requisiti di legge, hai il diritto alla cancellazione, il diritto alla limitazione\n trattamento, il diritto alla portabilit\u00e0 dei dati e il diritto\n opposizione al trattamento.  <\/p>\n\n<p>Inoltre, puoi revocare il tuo consenso in qualsiasi momento,\n senza tuttavia pregiudicare la liceit\u00e0 del trattamento basata sul\n consenso prima del suo ritiro.<\/p>\n\n<p>Infine, hai il diritto di presentare un reclamo all&#8217;autorit\u00e0 di controllo competente.\n se ritieni che il trattamento dei tuoi dati personali sia contrario al\n legislazione applicabile.<\/p>\n\n<p>Hai la possibilit\u00e0 di esercitare i tuoi diritti sopra indicati nonch\u00e9 di\n ottenere ulteriori informazioni su questi contattandoci per iscritto a\n modalit\u00e0 descritte nella sezione &#8220;Come contattarci&#8221; qui di seguito.<\/p>\n\n<p>10. Modifiche alla nostra politica sulla privacy<\/p>\n\n<p>La presente Informativa sulla privacy \u00e8 efficace dalla data in cui \u00e8\n \u00e8 elencato all&#8217;inizio della politica. Potremmo modificare la presente politica di volta in volta.\n Informativa sulla privacy di volta in volta. In caso di modifica, provvederemo\n pubblicheremo qui la versione rivista e cambieremo la data\n ultimo aggiornamento della Politica. Dovresti controllarlo regolarmente\n in modo che tu sia informato sulla versione pi\u00f9 recente e aggiornata della politica.     <\/p>\n\n<p>11. Metodo di comunicazione<\/p>\n\n<p>Se desideri contattarci in merito alla presente Politica\n Privacy e per esercitare i tuoi diritti puoi contattare\n all&#8217;indirizzo email contact@myweby.gr o al numero 210.300.1564.<\/p>\n","protected":false},"excerpt":{"rendered":"<p>INFORMATIVA SULLA PRIVACY del sito web www.myweby.gr Ultimo aggiornamento 24\/5\/2018 WEBY (di seguito denominata &#8220;WEBY&#8221;) Societ\u00e0, &#8220;noi&#8221; o &#8220;ci&#8221;), con sede nel Comune di Nea Smyrni in via Kalymnou 6, Nea Smyrni 17122 si impegna a proteggere e rispettare la tua privacy. La presente Informativa sulla privacy (insieme ai nostri Termini di utilizzo, Politica sui&#8230;<\/p>\n","protected":false},"author":1,"featured_media":0,"parent":0,"menu_order":0,"comment_status":"closed","ping_status":"closed","template":"page-full.php","meta":{"content-type":"","footnotes":""},"class_list":["post-14375","page","type-page","status-publish","hentry"],"yoast_head":"<!-- This site is optimized with the Yoast SEO plugin v27.3 - https:\/\/yoast.com\/product\/yoast-seo-wordpress\/ -->\n<title>politica sulla riservatezza - Weby Internet Marketing<\/title>\n<meta name=\"robots\" content=\"index, follow, max-snippet:-1, max-image-preview:large, max-video-preview:-1\" \/>\n<link rel=\"canonical\" href=\"https:\/\/myweby.gr\/it\/politica-sulla-riservatezza\/\" \/>\n<meta property=\"og:locale\" content=\"it_IT\" \/>\n<meta property=\"og:type\" content=\"article\" \/>\n<meta property=\"og:title\" content=\"politica sulla riservatezza - Weby Internet Marketing\" \/>\n<meta property=\"og:description\" content=\"INFORMATIVA SULLA PRIVACY del sito web www.myweby.gr Ultimo aggiornamento 24\/5\/2018 WEBY (di seguito denominata &#8220;WEBY&#8221;) Societ\u00e0, &#8220;noi&#8221; o &#8220;ci&#8221;), con sede nel Comune di Nea Smyrni in via Kalymnou 6, Nea Smyrni 17122 si impegna a proteggere e rispettare la tua privacy. La presente Informativa sulla privacy (insieme ai nostri Termini di utilizzo, Politica sui...\" \/>\n<meta property=\"og:url\" content=\"https:\/\/myweby.gr\/it\/politica-sulla-riservatezza\/\" \/>\n<meta property=\"og:site_name\" content=\"Weby\" \/>\n<meta property=\"article:publisher\" content=\"https:\/\/www.facebook.com\/myweby.gr\/\" \/>\n<meta name=\"twitter:card\" content=\"summary_large_image\" \/>\n<meta name=\"twitter:label1\" content=\"Tempo di lettura stimato\" \/>\n\t<meta name=\"twitter:data1\" content=\"13 minuti\" \/>\n<script type=\"application\/ld+json\" class=\"yoast-schema-graph\">{\"@context\":\"https:\\\/\\\/schema.org\",\"@graph\":[{\"@type\":\"WebPage\",\"@id\":\"https:\\\/\\\/myweby.gr\\\/it\\\/politica-sulla-riservatezza\\\/\",\"url\":\"https:\\\/\\\/myweby.gr\\\/it\\\/politica-sulla-riservatezza\\\/\",\"name\":\"politica sulla riservatezza - Weby Internet Marketing\",\"isPartOf\":{\"@id\":\"https:\\\/\\\/myweby.gr\\\/#website\"},\"datePublished\":\"2026-03-11T22:36:15+00:00\",\"breadcrumb\":{\"@id\":\"https:\\\/\\\/myweby.gr\\\/it\\\/politica-sulla-riservatezza\\\/#breadcrumb\"},\"inLanguage\":\"it-IT\",\"potentialAction\":[{\"@type\":\"ReadAction\",\"target\":[\"https:\\\/\\\/myweby.gr\\\/it\\\/politica-sulla-riservatezza\\\/\"]}]},{\"@type\":\"BreadcrumbList\",\"@id\":\"https:\\\/\\\/myweby.gr\\\/it\\\/politica-sulla-riservatezza\\\/#breadcrumb\",\"itemListElement\":[{\"@type\":\"ListItem\",\"position\":1,\"name\":\"Home\",\"item\":\"https:\\\/\\\/myweby.gr\\\/it\\\/casa\\\/\"},{\"@type\":\"ListItem\",\"position\":2,\"name\":\"politica sulla riservatezza\"}]},{\"@type\":\"WebSite\",\"@id\":\"https:\\\/\\\/myweby.gr\\\/#website\",\"url\":\"https:\\\/\\\/myweby.gr\\\/\",\"name\":\"Weby\",\"description\":\"\u039a\u03b1\u03c4\u03b1\u03c3\u03ba\u03b5\u03c5\u03ae &amp; \u03a0\u03c1\u03bf\u03ce\u03b8\u03b7\u03c3\u03b7 \u0399\u03c3\u03c4\u03bf\u03c3\u03b5\u03bb\u03af\u03b4\u03c9\u03bd \u039d\u03ad\u03b1 \u03a3\u03bc\u03cd\u03c1\u03bd\u03b7\",\"potentialAction\":[{\"@type\":\"SearchAction\",\"target\":{\"@type\":\"EntryPoint\",\"urlTemplate\":\"https:\\\/\\\/myweby.gr\\\/?s={search_term_string}\"},\"query-input\":{\"@type\":\"PropertyValueSpecification\",\"valueRequired\":true,\"valueName\":\"search_term_string\"}}],\"inLanguage\":\"it-IT\"}]}<\/script>\n<!-- \/ Yoast SEO plugin. -->","yoast_head_json":{"title":"politica sulla riservatezza - Weby Internet Marketing","robots":{"index":"index","follow":"follow","max-snippet":"max-snippet:-1","max-image-preview":"max-image-preview:large","max-video-preview":"max-video-preview:-1"},"canonical":"https:\/\/myweby.gr\/it\/politica-sulla-riservatezza\/","og_locale":"it_IT","og_type":"article","og_title":"politica sulla riservatezza - Weby Internet Marketing","og_description":"INFORMATIVA SULLA PRIVACY del sito web www.myweby.gr Ultimo aggiornamento 24\/5\/2018 WEBY (di seguito denominata &#8220;WEBY&#8221;) Societ\u00e0, &#8220;noi&#8221; o &#8220;ci&#8221;), con sede nel Comune di Nea Smyrni in via Kalymnou 6, Nea Smyrni 17122 si impegna a proteggere e rispettare la tua privacy. La presente Informativa sulla privacy (insieme ai nostri Termini di utilizzo, Politica sui...","og_url":"https:\/\/myweby.gr\/it\/politica-sulla-riservatezza\/","og_site_name":"Weby","article_publisher":"https:\/\/www.facebook.com\/myweby.gr\/","twitter_card":"summary_large_image","twitter_misc":{"Tempo di lettura stimato":"13 minuti"},"schema":{"@context":"https:\/\/schema.org","@graph":[{"@type":"WebPage","@id":"https:\/\/myweby.gr\/it\/politica-sulla-riservatezza\/","url":"https:\/\/myweby.gr\/it\/politica-sulla-riservatezza\/","name":"politica sulla riservatezza - Weby Internet Marketing","isPartOf":{"@id":"https:\/\/myweby.gr\/#website"},"datePublished":"2026-03-11T22:36:15+00:00","breadcrumb":{"@id":"https:\/\/myweby.gr\/it\/politica-sulla-riservatezza\/#breadcrumb"},"inLanguage":"it-IT","potentialAction":[{"@type":"ReadAction","target":["https:\/\/myweby.gr\/it\/politica-sulla-riservatezza\/"]}]},{"@type":"BreadcrumbList","@id":"https:\/\/myweby.gr\/it\/politica-sulla-riservatezza\/#breadcrumb","itemListElement":[{"@type":"ListItem","position":1,"name":"Home","item":"https:\/\/myweby.gr\/it\/casa\/"},{"@type":"ListItem","position":2,"name":"politica sulla riservatezza"}]},{"@type":"WebSite","@id":"https:\/\/myweby.gr\/#website","url":"https:\/\/myweby.gr\/","name":"Weby","description":"\u039a\u03b1\u03c4\u03b1\u03c3\u03ba\u03b5\u03c5\u03ae &amp; \u03a0\u03c1\u03bf\u03ce\u03b8\u03b7\u03c3\u03b7 \u0399\u03c3\u03c4\u03bf\u03c3\u03b5\u03bb\u03af\u03b4\u03c9\u03bd \u039d\u03ad\u03b1 \u03a3\u03bc\u03cd\u03c1\u03bd\u03b7","potentialAction":[{"@type":"SearchAction","target":{"@type":"EntryPoint","urlTemplate":"https:\/\/myweby.gr\/?s={search_term_string}"},"query-input":{"@type":"PropertyValueSpecification","valueRequired":true,"valueName":"search_term_string"}}],"inLanguage":"it-IT"}]}},"_links":{"self":[{"href":"https:\/\/myweby.gr\/it\/wp-json\/wp\/v2\/pages\/14375","targetHints":{"allow":["GET"]}}],"collection":[{"href":"https:\/\/myweby.gr\/it\/wp-json\/wp\/v2\/pages"}],"about":[{"href":"https:\/\/myweby.gr\/it\/wp-json\/wp\/v2\/types\/page"}],"author":[{"embeddable":true,"href":"https:\/\/myweby.gr\/it\/wp-json\/wp\/v2\/users\/1"}],"replies":[{"embeddable":true,"href":"https:\/\/myweby.gr\/it\/wp-json\/wp\/v2\/comments?post=14375"}],"version-history":[{"count":1,"href":"https:\/\/myweby.gr\/it\/wp-json\/wp\/v2\/pages\/14375\/revisions"}],"predecessor-version":[{"id":14376,"href":"https:\/\/myweby.gr\/it\/wp-json\/wp\/v2\/pages\/14375\/revisions\/14376"}],"wp:attachment":[{"href":"https:\/\/myweby.gr\/it\/wp-json\/wp\/v2\/media?parent=14375"}],"curies":[{"name":"wp","href":"https:\/\/api.w.org\/{rel}","templated":true}]}}